{"id":3,"date":"2025-05-06T15:04:04","date_gmt":"2025-05-06T13:04:04","guid":{"rendered":"https:\/\/presenciaenquietud.es\/?page_id=3"},"modified":"2025-06-23T13:41:25","modified_gmt":"2025-06-23T11:41:25","slug":"politica-privacidad","status":"publish","type":"page","link":"https:\/\/presenciaenquietud.es\/fr_fr\/politica-privacidad\/","title":{"rendered":"Politique de confidentialit\u00e9"},"content":{"rendered":"<div data-elementor-type=\"wp-page\" data-elementor-id=\"3\" class=\"elementor elementor-3\" data-elementor-post-type=\"page\">\n\t\t\t\t<div class=\"elementor-element elementor-element-5f3b8e99 e-flex e-con-boxed e-con e-parent\" data-id=\"5f3b8e99\" data-element_type=\"container\">\n\t\t\t\t\t<div class=\"e-con-inner\">\n\t\t\t\t<div class=\"elementor-element elementor-element-6d6d4302 elementor-widget elementor-widget-text-editor\" data-id=\"6d6d4302\" data-element_type=\"widget\" data-widget_type=\"text-editor.default\">\n\t\t\t\t<div class=\"elementor-widget-container\">\n\t\t\t\t\t\t\t\t\t<p data-start=\"2212\" data-end=\"2338\">Conform\u00e9ment au r\u00e8glement (UE) 2016\/679 (RGPD) et \u00e0 la loi organique 3\/2018 (LOPDGDD), l'utilisateur est inform\u00e9 de ce qui suit :<\/p>\n<h2 data-start=\"143\" data-end=\"456\"><strong data-start=\"143\" data-end=\"175\">1. Le responsable du traitement des donn\u00e9es<\/strong><\/h2>\n<ul data-start=\"458\" data-end=\"689\">\n<li data-start=\"458\" data-end=\"498\">\n<p data-start=\"460\" data-end=\"498\"><strong data-start=\"460\" data-end=\"479\">Nom complet<\/strong>: Nathalie Pillas<\/p>\n<\/li>\n<li data-start=\"499\" data-end=\"599\">\n<p data-start=\"501\" data-end=\"599\"><strong data-start=\"501\" data-end=\"514\">Adresse<\/strong>: Edificio Toscana, Calle Rosario, 6, Planta 6, Puerta 10, 02001, Albacete (Espa\u00f1a)<\/p>\n<\/li>\n<li data-start=\"600\" data-end=\"634\">\n<p data-start=\"602\" data-end=\"634\"><strong data-start=\"602\" data-end=\"614\">T\u00e9l\u00e9phone<\/strong>: +34 660 47 93 01<\/p>\n<\/li>\n<li data-start=\"635\" data-end=\"689\">\n<p data-start=\"637\" data-end=\"689\"><strong data-start=\"637\" data-end=\"659\">Adresse \u00e9lectronique<\/strong>: <a class=\"cursor-pointer\" rel=\"noopener\" data-start=\"661\" data-end=\"687\">info@presenciaenquietud.es<\/a><\/p>\n<\/li>\n<\/ul>\n<h2 data-start=\"691\" data-end=\"901\"><strong data-start=\"691\" data-end=\"704\">2. La finalit\u00e9 du traitement<\/strong><\/h2>\n<p>Les donn\u00e9es personnelles collect\u00e9es par le biais du formulaire de contact sont utilis\u00e9es exclusivement pour r\u00e9pondre aux demandes d'information, coordonner les sessions et r\u00e9soudre les doutes soulev\u00e9s par l'utilisateur. Elles ne sont pas utilis\u00e9es \u00e0 des fins commerciales ou pour envoyer des communications publicitaires sans consentement pr\u00e9alable.<\/p>\n<h2 data-start=\"903\" data-end=\"1182\"><strong data-start=\"903\" data-end=\"931\">3. L\u00e9gitimation<\/strong><\/h2>\n<p>La base juridique du traitement est le consentement de l'utilisateur (art. 6.1.a RGPD), donn\u00e9 librement en cochant la case d'acceptation de la pr\u00e9sente politique.<\/p>\n<h2 data-start=\"1184\" data-end=\"1429\"><strong data-start=\"1184\" data-end=\"1204\">4. Conservation des donn\u00e9es<\/strong><\/h2>\n<p>Les donn\u00e9es seront conserv\u00e9es pendant la dur\u00e9e n\u00e9cessaire \u00e0 la r\u00e9alisation de l'objectif pour lequel elles ont \u00e9t\u00e9 collect\u00e9es et pour r\u00e9pondre \u00e0 d'\u00e9ventuelles obligations l\u00e9gales. Elles seront supprim\u00e9es en toute s\u00e9curit\u00e9 \u00e0 l'expiration de cette p\u00e9riode.<\/p>\n<h2 data-start=\"1431\" data-end=\"1619\"><strong data-start=\"1431\" data-end=\"1454\">5. Communication de donn\u00e9es \u00e0 des tiers<\/strong><\/h2>\n<p>Aucune donn\u00e9e ne sera transf\u00e9r\u00e9e \u00e0 des tiers, sauf si la loi ou une d\u00e9cision de justice l'exige. Il n'y aura pas non plus de transferts internationaux de donn\u00e9es.<\/p>\n<h2 data-start=\"1621\" data-end=\"1891\"><strong data-start=\"1621\" data-end=\"1657\">6. Droits de l'utilisateur<\/strong><\/h2>\n<p data-start=\"3540\" data-end=\"3632\">L'utilisateur peut \u00e0 tout moment exercer les droits de:<\/p>\n<ul data-start=\"3633\" data-end=\"3725\">\n<li data-start=\"3633\" data-end=\"3641\">\n<p data-start=\"3635\" data-end=\"3641\">Acc\u00e8s<\/p>\n<\/li>\n<li data-start=\"3642\" data-end=\"3657\">\n<p data-start=\"3644\" data-end=\"3657\">Correction<\/p>\n<\/li>\n<li data-start=\"3658\" data-end=\"3669\">\n<p data-start=\"3660\" data-end=\"3669\">Suppression<\/p>\n<\/li>\n<li data-start=\"3670\" data-end=\"3681\">\n<p data-start=\"3672\" data-end=\"3681\">Opposition<\/p>\n<\/li>\n<li data-start=\"3682\" data-end=\"3710\">\n<p data-start=\"3684\" data-end=\"3710\">Limitation du traitement<\/p>\n<\/li>\n<li data-start=\"3711\" data-end=\"3725\">\n<p data-start=\"3713\" data-end=\"3725\">Portabilit\u00e9<\/p>\n<\/li>\n<\/ul>\n<p data-start=\"3727\" data-end=\"3838\">Pour ce faire, vous pouvez \u00e9crire \u00e0 <strong data-start=\"3755\" data-end=\"3785\"><a class=\"cursor-pointer\" rel=\"noopener\" data-start=\"3757\" data-end=\"3783\">info@presenciaenquietud.es<\/a><\/strong>, en joignant une copie de votre carte d'identit\u00e9 ou d'un document \u00e9quivalent.<\/p>\n<p data-start=\"3840\" data-end=\"4018\">Vous avez \u00e9galement le droit de d\u00e9poser une plainte aupr\u00e8s de l'Agence espagnole de protection des donn\u00e9es (<a class=\"\" href=\"http:\/\/www.aepd.es\" target=\"_new\" rel=\"noopener\" data-start=\"3941\" data-end=\"3952\">www.aepd.es<\/a>) si vous estimez que vos droits n'ont pas \u00e9t\u00e9 suffisamment pris en compte.<\/p>\n<h2 data-start=\"1893\" data-end=\"2171\"><strong data-start=\"1893\" data-end=\"1936\">7.\u00a0<\/strong>S\u00e9curit\u00e9 des donn\u00e9es<\/h2>\n<p>Des mesures techniques et organisationnelles appropri\u00e9es sont prises pour garantir la s\u00e9curit\u00e9 des donn\u00e9es \u00e0 caract\u00e8re personnel, en emp\u00eachant leur modification, leur perte ou leur acc\u00e8s non autoris\u00e9.<\/p>\n<h2 data-start=\"1893\" data-end=\"2171\">8. Mineurs<\/h2>\n<p>Aucune donn\u00e9e n'est collect\u00e9e aupr\u00e8s des enfants de moins de 14 ans. Le cas \u00e9ch\u00e9ant, le consentement de leurs parents ou tuteurs sera demand\u00e9.<\/p>\t\t\t\t\t\t\t\t<\/div>\n\t\t\t\t<\/div>\n\t\t\t\t\t<\/div>\n\t\t\t\t<\/div>\n\t\t\t\t<\/div>","protected":false},"excerpt":{"rendered":"<p>En cumplimiento del Reglamento (UE) 2016\/679 (RGPD) y la Ley Org\u00e1nica 3\/2018 (LOPDGDD), se informa al usuario de lo siguiente: 1. Responsable del tratamiento Nombre completo: Nathalie Pillas Domicilio: Edificio Toscana, Calle Rosario, 6, Planta 6, Puerta 10, 02001, Albacete (Espa\u00f1a) Tel\u00e9fono: +34 660 47 93 01 Correo electr\u00f3nico: info@presenciaenquietud.es 2. Finalidad del tratamiento Los [&hellip;]<\/p>","protected":false},"author":1,"featured_media":0,"parent":0,"menu_order":0,"comment_status":"closed","ping_status":"closed","template":"","meta":{"inline_featured_image":false,"_joinchat":[],"footnotes":""},"class_list":["post-3","page","type-page","status-publish","hentry"],"yoast_head":"<!-- This site is optimized with the Yoast SEO plugin v25.5 - https:\/\/yoast.com\/wordpress\/plugins\/seo\/ -->\n<title>Pol\u00edtica de privacidad - Presencia en Quietud<\/title>\n<meta name=\"description\" content=\"Pagina de politica de privacidad de Presencia en Quietud\" \/>\n<meta name=\"robots\" content=\"index, follow, max-snippet:-1, max-image-preview:large, max-video-preview:-1\" \/>\n<link rel=\"canonical\" href=\"https:\/\/presenciaenquietud.es\/fr_fr\/politica-privacidad\/\" \/>\n<meta property=\"og:locale\" content=\"fr_FR\" \/>\n<meta property=\"og:type\" content=\"article\" \/>\n<meta property=\"og:title\" content=\"Politica de Privacidad\" \/>\n<meta property=\"og:description\" content=\"Pagina de politica de privacidad de Presencia en Quietud\" \/>\n<meta property=\"og:url\" content=\"https:\/\/presenciaenquietud.es\/fr_fr\/politica-privacidad\/\" \/>\n<meta property=\"og:site_name\" content=\"Presencia en Quietud\" \/>\n<meta property=\"article:publisher\" content=\"https:\/\/www.facebook.com\/nathalie.presencia.en.quietud\/\" \/>\n<meta property=\"article:modified_time\" content=\"2025-06-23T11:41:25+00:00\" \/>\n<meta property=\"og:image\" content=\"https:\/\/presenciaenquietud.es\/wp-content\/uploads\/2025\/05\/cropped-favicon.png\" \/>\n\t<meta property=\"og:image:width\" content=\"512\" \/>\n\t<meta property=\"og:image:height\" content=\"512\" \/>\n\t<meta property=\"og:image:type\" content=\"image\/png\" \/>\n<meta name=\"twitter:card\" content=\"summary_large_image\" \/>\n<script type=\"application\/ld+json\" class=\"yoast-schema-graph\">{\"@context\":\"https:\/\/schema.org\",\"@graph\":[{\"@type\":[\"Article\",\"Report\"],\"@id\":\"https:\/\/presenciaenquietud.es\/politica-privacidad\/#article\",\"isPartOf\":{\"@id\":\"https:\/\/presenciaenquietud.es\/politica-privacidad\/\"},\"author\":{\"name\":\"oondeo\",\"@id\":\"https:\/\/presenciaenquietud.es\/#\/schema\/person\/98e62045e14c38fda5c5e965dd1af060\"},\"headline\":\"Pol\u00edtica de privacidad\",\"datePublished\":\"2025-05-06T13:04:04+00:00\",\"dateModified\":\"2025-06-23T11:41:25+00:00\",\"mainEntityOfPage\":{\"@id\":\"https:\/\/presenciaenquietud.es\/politica-privacidad\/\"},\"wordCount\":321,\"publisher\":{\"@id\":\"https:\/\/presenciaenquietud.es\/#organization\"},\"inLanguage\":\"fr-FR\"},{\"@type\":[\"WebPage\",\"AboutPage\"],\"@id\":\"https:\/\/presenciaenquietud.es\/politica-privacidad\/\",\"url\":\"https:\/\/presenciaenquietud.es\/politica-privacidad\/\",\"name\":\"Pol\u00edtica de privacidad - Presencia en Quietud\",\"isPartOf\":{\"@id\":\"https:\/\/presenciaenquietud.es\/#website\"},\"datePublished\":\"2025-05-06T13:04:04+00:00\",\"dateModified\":\"2025-06-23T11:41:25+00:00\",\"description\":\"Pagina de politica de privacidad de Presencia en Quietud\",\"breadcrumb\":{\"@id\":\"https:\/\/presenciaenquietud.es\/politica-privacidad\/#breadcrumb\"},\"inLanguage\":\"fr-FR\",\"potentialAction\":[{\"@type\":\"ReadAction\",\"target\":[\"https:\/\/presenciaenquietud.es\/politica-privacidad\/\"]}]},{\"@type\":\"BreadcrumbList\",\"@id\":\"https:\/\/presenciaenquietud.es\/politica-privacidad\/#breadcrumb\",\"itemListElement\":[{\"@type\":\"ListItem\",\"position\":1,\"name\":\"Portada\",\"item\":\"https:\/\/presenciaenquietud.es\/\"},{\"@type\":\"ListItem\",\"position\":2,\"name\":\"Pol\u00edtica de privacidad\"}]},{\"@type\":\"WebSite\",\"@id\":\"https:\/\/presenciaenquietud.es\/#website\",\"url\":\"https:\/\/presenciaenquietud.es\/\",\"name\":\"Presencia en Quietud\",\"description\":\"\",\"publisher\":{\"@id\":\"https:\/\/presenciaenquietud.es\/#organization\"},\"potentialAction\":[{\"@type\":\"SearchAction\",\"target\":{\"@type\":\"EntryPoint\",\"urlTemplate\":\"https:\/\/presenciaenquietud.es\/?s={search_term_string}\"},\"query-input\":{\"@type\":\"PropertyValueSpecification\",\"valueRequired\":true,\"valueName\":\"search_term_string\"}}],\"inLanguage\":\"fr-FR\"},{\"@type\":\"Organization\",\"@id\":\"https:\/\/presenciaenquietud.es\/#organization\",\"name\":\"Presencia en Quietud\",\"url\":\"https:\/\/presenciaenquietud.es\/\",\"logo\":{\"@type\":\"ImageObject\",\"inLanguage\":\"fr-FR\",\"@id\":\"https:\/\/presenciaenquietud.es\/#\/schema\/logo\/image\/\",\"url\":\"https:\/\/presenciaenquietud.es\/wp-content\/uploads\/2025\/05\/logo.svg\",\"contentUrl\":\"https:\/\/presenciaenquietud.es\/wp-content\/uploads\/2025\/05\/logo.svg\",\"width\":1080,\"height\":1327,\"caption\":\"Presencia en Quietud\"},\"image\":{\"@id\":\"https:\/\/presenciaenquietud.es\/#\/schema\/logo\/image\/\"},\"sameAs\":[\"https:\/\/www.facebook.com\/nathalie.presencia.en.quietud\/\",\"https:\/\/www.instagram.com\/nathalie_presencia_en_quietud\/\",\"https:\/\/www.youtube.com\/@nathalie_presencia_en_quietud\"]},{\"@type\":\"Person\",\"@id\":\"https:\/\/presenciaenquietud.es\/#\/schema\/person\/98e62045e14c38fda5c5e965dd1af060\",\"name\":\"oondeo\",\"image\":{\"@type\":\"ImageObject\",\"inLanguage\":\"fr-FR\",\"@id\":\"https:\/\/presenciaenquietud.es\/#\/schema\/person\/image\/\",\"url\":\"https:\/\/secure.gravatar.com\/avatar\/a097be35c13d9aa835613a577f7ff6198fda83588726896f10a4aec271feff84?s=96&d=mm&r=g\",\"contentUrl\":\"https:\/\/secure.gravatar.com\/avatar\/a097be35c13d9aa835613a577f7ff6198fda83588726896f10a4aec271feff84?s=96&d=mm&r=g\",\"caption\":\"oondeo\"},\"sameAs\":[\"https:\/\/presenciaenquietud.es\"],\"url\":\"https:\/\/presenciaenquietud.es\/fr_fr\/author\/oondeo\/\"}]}<\/script>\n<!-- \/ Yoast SEO plugin. -->","yoast_head_json":{"title":"Pol\u00edtica de privacidad - Presencia en Quietud","description":"Pagina de politica de privacidad de Presencia en Quietud","robots":{"index":"index","follow":"follow","max-snippet":"max-snippet:-1","max-image-preview":"max-image-preview:large","max-video-preview":"max-video-preview:-1"},"canonical":"https:\/\/presenciaenquietud.es\/fr_fr\/politica-privacidad\/","og_locale":"fr_FR","og_type":"article","og_title":"Politica de Privacidad","og_description":"Pagina de politica de privacidad de Presencia en Quietud","og_url":"https:\/\/presenciaenquietud.es\/fr_fr\/politica-privacidad\/","og_site_name":"Presencia en Quietud","article_publisher":"https:\/\/www.facebook.com\/nathalie.presencia.en.quietud\/","article_modified_time":"2025-06-23T11:41:25+00:00","og_image":[{"width":512,"height":512,"url":"https:\/\/presenciaenquietud.es\/wp-content\/uploads\/2025\/05\/cropped-favicon.png","type":"image\/png"}],"twitter_card":"summary_large_image","schema":{"@context":"https:\/\/schema.org","@graph":[{"@type":["Article","Report"],"@id":"https:\/\/presenciaenquietud.es\/politica-privacidad\/#article","isPartOf":{"@id":"https:\/\/presenciaenquietud.es\/politica-privacidad\/"},"author":{"name":"oondeo","@id":"https:\/\/presenciaenquietud.es\/#\/schema\/person\/98e62045e14c38fda5c5e965dd1af060"},"headline":"Pol\u00edtica de privacidad","datePublished":"2025-05-06T13:04:04+00:00","dateModified":"2025-06-23T11:41:25+00:00","mainEntityOfPage":{"@id":"https:\/\/presenciaenquietud.es\/politica-privacidad\/"},"wordCount":321,"publisher":{"@id":"https:\/\/presenciaenquietud.es\/#organization"},"inLanguage":"fr-FR"},{"@type":["WebPage","AboutPage"],"@id":"https:\/\/presenciaenquietud.es\/politica-privacidad\/","url":"https:\/\/presenciaenquietud.es\/politica-privacidad\/","name":"Pol\u00edtica de privacidad - Presencia en Quietud","isPartOf":{"@id":"https:\/\/presenciaenquietud.es\/#website"},"datePublished":"2025-05-06T13:04:04+00:00","dateModified":"2025-06-23T11:41:25+00:00","description":"Pagina de politica de privacidad de Presencia en Quietud","breadcrumb":{"@id":"https:\/\/presenciaenquietud.es\/politica-privacidad\/#breadcrumb"},"inLanguage":"fr-FR","potentialAction":[{"@type":"ReadAction","target":["https:\/\/presenciaenquietud.es\/politica-privacidad\/"]}]},{"@type":"BreadcrumbList","@id":"https:\/\/presenciaenquietud.es\/politica-privacidad\/#breadcrumb","itemListElement":[{"@type":"ListItem","position":1,"name":"Portada","item":"https:\/\/presenciaenquietud.es\/"},{"@type":"ListItem","position":2,"name":"Pol\u00edtica de privacidad"}]},{"@type":"WebSite","@id":"https:\/\/presenciaenquietud.es\/#website","url":"https:\/\/presenciaenquietud.es\/","name":"Pr\u00e9sence En Qui\u00e9tude","description":"","publisher":{"@id":"https:\/\/presenciaenquietud.es\/#organization"},"potentialAction":[{"@type":"SearchAction","target":{"@type":"EntryPoint","urlTemplate":"https:\/\/presenciaenquietud.es\/?s={search_term_string}"},"query-input":{"@type":"PropertyValueSpecification","valueRequired":true,"valueName":"search_term_string"}}],"inLanguage":"fr-FR"},{"@type":"Organization","@id":"https:\/\/presenciaenquietud.es\/#organization","name":"Pr\u00e9sence En Qui\u00e9tude","url":"https:\/\/presenciaenquietud.es\/","logo":{"@type":"ImageObject","inLanguage":"fr-FR","@id":"https:\/\/presenciaenquietud.es\/#\/schema\/logo\/image\/","url":"https:\/\/presenciaenquietud.es\/wp-content\/uploads\/2025\/05\/logo.svg","contentUrl":"https:\/\/presenciaenquietud.es\/wp-content\/uploads\/2025\/05\/logo.svg","width":1080,"height":1327,"caption":"Presencia en Quietud"},"image":{"@id":"https:\/\/presenciaenquietud.es\/#\/schema\/logo\/image\/"},"sameAs":["https:\/\/www.facebook.com\/nathalie.presencia.en.quietud\/","https:\/\/www.instagram.com\/nathalie_presencia_en_quietud\/","https:\/\/www.youtube.com\/@nathalie_presencia_en_quietud"]},{"@type":"Person","@id":"https:\/\/presenciaenquietud.es\/#\/schema\/person\/98e62045e14c38fda5c5e965dd1af060","name":"oondeo","image":{"@type":"ImageObject","inLanguage":"fr-FR","@id":"https:\/\/presenciaenquietud.es\/#\/schema\/person\/image\/","url":"https:\/\/secure.gravatar.com\/avatar\/a097be35c13d9aa835613a577f7ff6198fda83588726896f10a4aec271feff84?s=96&d=mm&r=g","contentUrl":"https:\/\/secure.gravatar.com\/avatar\/a097be35c13d9aa835613a577f7ff6198fda83588726896f10a4aec271feff84?s=96&d=mm&r=g","caption":"oondeo"},"sameAs":["https:\/\/presenciaenquietud.es"],"url":"https:\/\/presenciaenquietud.es\/fr_fr\/author\/oondeo\/"}]}},"_links":{"self":[{"href":"https:\/\/presenciaenquietud.es\/fr_fr\/wp-json\/wp\/v2\/pages\/3","targetHints":{"allow":["GET"]}}],"collection":[{"href":"https:\/\/presenciaenquietud.es\/fr_fr\/wp-json\/wp\/v2\/pages"}],"about":[{"href":"https:\/\/presenciaenquietud.es\/fr_fr\/wp-json\/wp\/v2\/types\/page"}],"author":[{"embeddable":true,"href":"https:\/\/presenciaenquietud.es\/fr_fr\/wp-json\/wp\/v2\/users\/1"}],"replies":[{"embeddable":true,"href":"https:\/\/presenciaenquietud.es\/fr_fr\/wp-json\/wp\/v2\/comments?post=3"}],"version-history":[{"count":0,"href":"https:\/\/presenciaenquietud.es\/fr_fr\/wp-json\/wp\/v2\/pages\/3\/revisions"}],"wp:attachment":[{"href":"https:\/\/presenciaenquietud.es\/fr_fr\/wp-json\/wp\/v2\/media?parent=3"}],"curies":[{"name":"wp","href":"https:\/\/api.w.org\/{rel}","templated":true}]}}