{"id":547,"date":"2025-06-02T10:16:34","date_gmt":"2025-06-02T08:16:34","guid":{"rendered":"https:\/\/presenciaenquietud.es\/?page_id=547"},"modified":"2025-07-08T10:09:11","modified_gmt":"2025-07-08T08:09:11","slug":"politica-de-cookies","status":"publish","type":"page","link":"https:\/\/presenciaenquietud.es\/fr_fr\/politica-de-cookies\/","title":{"rendered":"Politique de Cookies"},"content":{"rendered":"<div data-elementor-type=\"wp-page\" data-elementor-id=\"547\" class=\"elementor elementor-547\" data-elementor-post-type=\"page\">\n\t\t\t\t<div class=\"elementor-element elementor-element-105c3617 e-flex e-con-boxed e-con e-parent\" data-id=\"105c3617\" data-element_type=\"container\">\n\t\t\t\t\t<div class=\"e-con-inner\">\n\t\t\t\t<div class=\"elementor-element elementor-element-3b16f118 elementor-widget elementor-widget-text-editor\" data-id=\"3b16f118\" data-element_type=\"widget\" data-widget_type=\"text-editor.default\">\n\t\t\t\t<div class=\"elementor-widget-container\">\n\t\t\t\t\t\t\t\t\t<pre>Sur le web <a href=\"https:\/\/coiastur.com\" target=\"_blank\" rel=\"nofollow noopener noreferrer\">https:\/\/presenciaenquietud.com<\/a> (ci-apr\u00e8s d\u00e9nomm\u00e9 le site web) utilise des cookies pour faciliter l'engagement des visiteurs avec notre contenu et pour nous permettre de compiler des statistiques sur les visiteurs que nous recevons.<\/pre><p>Veuillez noter que nous pouvons utiliser des cookies pour faciliter votre navigation sur le site web, pour vous distinguer des autres utilisateurs, pour vous offrir une meilleure exp\u00e9rience d'utilisation et pour identifier les probl\u00e8mes afin d'am\u00e9liorer notre site web. Nous pouvons \u00e9galement, avec votre consentement, utiliser des cookies pour nous permettre d'en savoir plus sur vos pr\u00e9f\u00e9rences et de personnaliser notre site web en fonction de vos int\u00e9r\u00eats personnels.<\/p><p><strong>Que sont les cookies?<\/strong><br \/>Les cookies sont de petits fichiers enregistr\u00e9s dans le navigateur utilis\u00e9 par chaque visiteur de notre site web afin que le serveur puisse se souvenir de la visite de cet utilisateur \u00e0 une date ult\u00e9rieure lorsqu'il acc\u00e8de \u00e0 nouveau \u00e0 notre contenu. Ces informations ne r\u00e9v\u00e8lent pas votre identit\u00e9 ni aucune donn\u00e9e personnelle et n'acc\u00e8dent pas non plus au contenu stock\u00e9 sur votre ordinateur, mais elles permettent \u00e0 notre syst\u00e8me de vous identifier en tant qu'utilisateur sp\u00e9cifique ayant d\u00e9j\u00e0 visit\u00e9 le site web, consult\u00e9 certaines pages, etc. et nous permettent \u00e9galement d'enregistrer vos pr\u00e9f\u00e9rences personnelles et des informations techniques telles que les visites effectu\u00e9es ou les pages sp\u00e9cifiques que vous visitez.<br \/>La pr\u00e9sente politique en mati\u00e8re de cookies a pour but de vous informer de mani\u00e8re claire et pr\u00e9cise sur les cookies utilis\u00e9s sur notre site web (la \u00ab Politique de Cookies \u00bb). En ce qui concerne les cookies de tiers, c'est-\u00e0-dire ceux qui ne font pas partie de notre site web, nous ne pouvons \u00eatre tenus responsables du contenu et de la v\u00e9racit\u00e9 des politiques de confidentialit\u00e9 qu'ils incluent, de sorte que les informations que nous vous offrons sont toujours en r\u00e9f\u00e9rence \u00e0 la source.<br \/>Nous pouvons mettre \u00e0 jour la politique en mati\u00e8re de cookies sur notre site web, c'est pourquoi nous vous recommandons de consulter cette politique chaque fois que vous acc\u00e9dez \u00e0 notre site web afin d'\u00eatre correctement inform\u00e9 sur la mani\u00e8re dont nous utilisons les cookies et sur les raisons pour lesquelles nous les utilisons.<br \/>Ci-dessous, les cookies sont class\u00e9s selon une s\u00e9rie de cat\u00e9gories. Il convient toutefois de noter qu'un m\u00eame cookie peut \u00eatre inclus dans plus d'une cat\u00e9gorie.<\/p><div><p><strong>Types de cookies en fonction de l'entit\u00e9 qui les g\u00e8re<\/strong><\/p><ul><li>Cookies propres: ce sont ceux qui sont envoy\u00e9s \u00e0 l'\u00e9quipement terminal de l'utilisateur \u00e0 partir d'un ordinateur ou d'un domaine g\u00e9r\u00e9 par l'\u00e9diteur lui-m\u00eame et \u00e0 partir duquel le service demand\u00e9 par l'utilisateur est fourni.<\/li><li>Cookies de tiers: il s'agit de cookies qui sont envoy\u00e9s \u00e0 l'\u00e9quipement terminal de l'utilisateur \u00e0 partir d'un ordinateur ou d'un domaine qui n'est pas g\u00e9r\u00e9 par l'\u00e9diteur, mais par une autre entit\u00e9 qui traite les donn\u00e9es.<\/li><\/ul><div><p><strong>Types de cookies en fonction de leur dur\u00e9e d'activit\u00e9<\/strong><\/p><ul><li>Cookies de session: il s'agit d'un type de cookie con\u00e7u pour collecter et stocker des donn\u00e9es pendant que l'utilisateur acc\u00e8de \u00e0 une page web.<\/li><li>Cookies persistants: Il s'agit d'un type de cookie dans lequel les donn\u00e9es restent stock\u00e9es dans le terminal et peuvent \u00eatre consult\u00e9es et trait\u00e9es pendant une p\u00e9riode d\u00e9finie par le responsable du cookie, qui peut aller de quelques minutes \u00e0 plusieurs ann\u00e9es.<\/li><\/ul><\/div><\/div><div><p><strong>Types de cookies en fonction de leur finalit\u00e9<\/strong><\/p><ul><li>Cookies techniques: ceux qui permettent \u00e0 l'utilisateur de naviguer sur un site web, une plateforme ou une application et d'utiliser les diff\u00e9rentes options ou services qui y existent, comme par exemple le contr\u00f4le du trafic et de la communication des donn\u00e9es, l'identification de la session, l'acc\u00e8s \u00e0 des zones d'acc\u00e8s restreint, la m\u00e9morisation des \u00e9l\u00e9ments qui composent une commande, la r\u00e9alisation du processus d'achat d'une commande, la r\u00e9alisation d'une demande d'inscription ou de participation \u00e0 un \u00e9v\u00e9nement, l'utilisation d'\u00e9l\u00e9ments de s\u00e9curit\u00e9 pendant la navigation, le stockage de contenus pour la diffusion de vid\u00e9os ou de sons ou le partage de contenus \u00e0 travers les r\u00e9seaux sociaux.<\/li><li>Cookies de personnalisation: Ces cookies permettent \u00e0 l'utilisateur d'acc\u00e9der au service avec certaines caract\u00e9ristiques g\u00e9n\u00e9rales pr\u00e9d\u00e9finies en fonction d'une s\u00e9rie de crit\u00e8res pr\u00e9sents dans le terminal de l'utilisateur, tels que la langue, le type de navigateur utilis\u00e9 pour acc\u00e9der au service, la configuration r\u00e9gionale \u00e0 partir de laquelle on acc\u00e8de au service, etc.<\/li><li>Cookies publicitaires: Ce sont ceux qui permettent de g\u00e9rer, de la mani\u00e8re la plus efficace possible, les espaces publicitaires que, le cas \u00e9ch\u00e9ant, l'\u00e9diteur a inclus sur un site web, une application ou une plateforme \u00e0 partir de laquelle le service demand\u00e9 est fourni, sur la base de crit\u00e8res tels que le contenu \u00e9dit\u00e9 ou la fr\u00e9quence \u00e0 laquelle les publicit\u00e9s sont affich\u00e9es.<\/li><li>Cookies de publicit\u00e9 comportementale: Ces cookies permettent de g\u00e9rer, de la mani\u00e8re la plus efficace possible, les espaces publicitaires que, le cas \u00e9ch\u00e9ant, l'\u00e9diteur a inclus sur un site web, une application ou une plateforme \u00e0 partir de laquelle le service demand\u00e9 est fourni. Ces cookies stockent des informations sur le comportement des utilisateurs obtenues gr\u00e2ce \u00e0 l'observation continue de leurs habitudes de navigation, ce qui permet de d\u00e9velopper un profil sp\u00e9cifique afin d'afficher des publicit\u00e9s bas\u00e9es sur ce dernier.<\/li><li>Cookies d'analyse: Ces cookies permettent au responsable de surveiller et d'analyser le comportement des utilisateurs des sites web auxquels ils sont li\u00e9s. Les informations collect\u00e9es par ce type de cookies sont utilis\u00e9es pour mesurer l'activit\u00e9 des sites web, de l'application ou de la plateforme et pour l'\u00e9laboration de profils de navigation des utilisateurs de ces sites, applications et plateformes, afin d'introduire des am\u00e9liorations bas\u00e9es sur l'analyse des donn\u00e9es relatives \u00e0 l'utilisation faite par les utilisateurs du service.<\/li><\/ul><\/div><p>En ce qui concerne le traitement des donn\u00e9es collect\u00e9es par les cookies analytiques, bien qu'ils ne soient pas exempt\u00e9s de l'obligation d'obtenir un consentement \u00e9clair\u00e9 pour leur utilisation, il est peu probable qu'ils repr\u00e9sentent un risque pour la vie priv\u00e9e des utilisateurs, \u00e0 condition qu'il s'agisse de cookies de premi\u00e8re partie, qu'ils traitent des donn\u00e9es agr\u00e9g\u00e9es \u00e0 des fins strictement statistiques, que des informations soient fournies sur leur utilisation et que la possibilit\u00e9 soit offerte aux utilisateurs d'exprimer leur refus quant \u00e0 leur utilisation.<br \/>Actuellement, la plupart des navigateurs sont configur\u00e9s par d\u00e9faut pour bloquer l'installation de cookies publicitaires ou de tiers sur votre ordinateur. L'utilisateur peut \u00e9tendre les restrictions d'origine, en emp\u00eachant l'entr\u00e9e de tout type de cookie, ou \u00e9liminer ces restrictions, en acceptant l'entr\u00e9e de tout type de cookie. Si vous souhaitez accepter des cookies publicitaires ou de tiers, vous pouvez configurer votre navigateur \u00e0 cette fin.<br \/>L'acceptation faite par l'utilisateur, en cliquant sur le bouton ACCEPTER affich\u00e9 dans l'information initiale sur les cookies, implique que vous consentez express\u00e9ment au responsable de son utilisation, et peut exercer ses droits et r\u00e9voquer son consentement \u00e0 tout moment, par le biais d'une demande \u00e0 Presencia En Quietud.<br \/>Ci-dessous, nous vous informons en d\u00e9tail sur tous les cookies qui peuvent \u00eatre install\u00e9s \u00e0 partir de notre site web. En fonction de votre navigation, de la configuration de votre navigateur et de votre acceptation ou refus de ces cookies, tous ou seulement certains d'entre eux peuvent \u00eatre install\u00e9s:<\/p><div id=\"\"><table width=\"282\"><tbody><tr align=\"center\"><th>Nom<\/th><th>Description<\/th><th>Dur\u00e9e<\/th><\/tr><\/tbody><tbody><tr id=\"\" align=\"center\"><td>wp-settings-*<\/td><td>Cookie de stockage des param\u00e8tres de wordpress<\/td><td>1 an<\/td><\/tr><tr id=\"\" align=\"center\"><td>_ga<\/td><td>Cookie analytique tiers. Il s'agit du principal cookie utilis\u00e9 par Google Analytics.<\/td><td>2 ans<\/td><\/tr><tr id=\"\" align=\"center\"><td>_ga_*<\/td><td>Cookie analytique tiers. Il s'agit du principal cookie utilis\u00e9 par Google Analytics 4.<\/td><td>1 an<\/td><\/tr><tr id=\"\" align=\"center\"><td>wordpress_logged_in_*<\/td><td>Cookie de connexion \u00e0 Wordpress<\/td><td>Session<\/td><\/tr><tr id=\"\" align=\"center\"><td>wordpress_sec_*<\/td><td>Cookie de session Wordpress<\/td><td>Session<\/td><\/tr><tr id=\"\" align=\"center\"><td>wp_lang<\/td><td>Cookie stockant la langue du site web<\/td><td>Session<\/td><\/tr><\/tbody><\/table><\/div><p>Nous pouvons mettre \u00e0 jour la politique en mati\u00e8re de cookies sur notre site web, c'est pourquoi nous vous recommandons de consulter cette politique chaque fois que vous acc\u00e9dez \u00e0 notre site web afin d'\u00eatre correctement inform\u00e9 sur la mani\u00e8re dont nous utilisons les cookies et sur les raisons pour lesquelles nous les utilisons.<\/p><p>Si vous ne souhaitez pas que des cookies soient enregistr\u00e9s dans votre navigateur ou si vous pr\u00e9f\u00e9rez recevoir une information chaque fois qu'un cookie demande \u00e0 \u00eatre install\u00e9, vous pouvez configurer vos options de navigation de mani\u00e8re \u00e0 ce que ce soit le cas. La plupart des navigateurs permettent de g\u00e9rer les cookies de 3 mani\u00e8res diff\u00e9rentes :<\/p><ul><li>Les cookies sont toujours rejet\u00e9s;<\/li><li>Le navigateur demande \u00e0 l'utilisateur s'il souhaite installer chaque cookie;<\/li><li>Les cookies sont toujours accept\u00e9s;<\/li><\/ul><p>Votre navigateur peut \u00e9galement offrir la possibilit\u00e9 de s\u00e9lectionner en d\u00e9tail les cookies que vous souhaitez installer sur votre ordinateur. Plus pr\u00e9cis\u00e9ment, l'utilisateur peut normalement accepter l'une des options suivantes:<\/p><ul><li>Refuser les cookies provenant de certains domaines;<\/li><li>Refuser les cookies de tiers;<\/li><li>Accepter les cookies comme non persistants (ils sont supprim\u00e9s lorsque le navigateur est ferm\u00e9);<\/li><li>Autoriser le serveur \u00e0 cr\u00e9er des cookies pour un domaine diff\u00e9rent.<\/li><\/ul><p>Pour autoriser, conna\u00eetre, bloquer ou supprimer les cookies install\u00e9s sur votre ordinateur, vous pouvez le faire en configurant les options du navigateur install\u00e9 sur votre ordinateur.<\/p><p>Des informations sur la mani\u00e8re de configurer les navigateurs les plus couramment utilis\u00e9s sont disponibles aux endroits suivants :<\/p><ul><li><strong>Internet Explorer<\/strong>: Outils -&gt; Options Internet -&gt; Confidentialit\u00e9 -&gt; Param\u00e8tres. Pour plus d'informations, vous pouvez consulter le\u00a0 <a href=\"http:\/\/windows.microsoft.com\/es-ES\/windows\/support\" target=\"_blank\" rel=\"nofollow noopener noreferrer\">support Microsoft <\/a>\u00a0ou l'aide du navigateur.<\/li><li><strong>Firefox<\/strong>: Outils -&gt; Options -&gt; Confidentialit\u00e9 -&gt; Confidentialit\u00e9 -&gt; Historique -&gt; Param\u00e8tres personnalis\u00e9s. Pour plus d'informations, vous pouvez consulter le\u00a0<a href=\"http:\/\/support.mozilla.org\/es\/home\" target=\"_blank\" rel=\"nofollow noopener noreferrer\"> support Mozilla <\/a>\u00a0ou l'aide du navigateur.<\/li><li><strong>Chrome<\/strong>: Pour ce faire, vous devez vous rendre \u00e0 l'adresse suivante : Param\u00e8tres -&gt; Afficher les options avanc\u00e9es -&gt; Confidentialit\u00e9 -&gt; Param\u00e8tres de contenu. Pour plus d'informations, vous pouvez consulter le\u00a0<a href=\"http:\/\/support.google.com\/chrome\/?hl=es\" target=\"_blank\" rel=\"nofollow noopener noreferrer\"> Soutien de Google <\/a>\u00a0ou l'aide du navigateur.<\/li><li><strong>Safari<\/strong>: Pr\u00e9f\u00e9rences -&gt; S\u00e9curit\u00e9. Pour plus d'informations, vous pouvez consulter le\u00a0<a href=\"http:\/\/www.apple.com\/es\/support\/safari\/\" target=\"_blank\" rel=\"nofollow noopener noreferrer\"> soporte de Apple<\/a>\u00a0 ou l'aide du navigateur.<\/li><\/ul><p>Si vous avez accept\u00e9 les cookies de Google Analytics, vous pouvez \u00e9galement r\u00e9voquer votre accord \u00e0 tout moment en utilisant le module compl\u00e9mentaire de navigateur pour la d\u00e9sactivation de Google Analytics, en vous rendant sur le site web suivant et en suivant les instructions qui y figurent : <a href=\"https:\/\/tools.google.com\/dlpage\/gaoptout?hl=fr\" target=\"_blank\" rel=\"noopener\">https:\/\/tools.google.com\/dlpage\/gaoptout?hl=fr<\/a><\/p>\t\t\t\t\t\t\t\t<\/div>\n\t\t\t\t<\/div>\n\t\t\t\t\t<\/div>\n\t\t\t\t<\/div>\n\t\t\t\t<\/div>","protected":false},"excerpt":{"rendered":"<p>En la web https:\/\/presenciaenquietud.com (en adelante, el Sitio Web) utilizamos cookies para facilitar la relaci\u00f3n de los visitantes con nuestro contenido y para permitir elaborar estad\u00edsticas sobre las visitantes que recibimos. Le informamos que podemos utilizar cookies con la finalidad de facilitar su navegaci\u00f3n a trav\u00e9s del Sitio Web, distinguirle de otros usuarios, proporcionarle una [&hellip;]<\/p>","protected":false},"author":1,"featured_media":0,"parent":0,"menu_order":0,"comment_status":"closed","ping_status":"closed","template":"","meta":{"inline_featured_image":false,"_joinchat":[],"footnotes":""},"class_list":["post-547","page","type-page","status-publish","hentry"],"yoast_head":"<!-- This site is optimized with the Yoast SEO plugin v25.5 - https:\/\/yoast.com\/wordpress\/plugins\/seo\/ -->\n<title>Pol\u00edtica de Cookies - Presencia en Quietud<\/title>\n<meta name=\"description\" content=\"Pagina de politica de cookies de Presencia en Quietud\" \/>\n<meta name=\"robots\" content=\"index, follow, max-snippet:-1, max-image-preview:large, max-video-preview:-1\" \/>\n<link rel=\"canonical\" href=\"https:\/\/presenciaenquietud.es\/fr_fr\/politica-de-cookies\/\" \/>\n<meta property=\"og:locale\" content=\"fr_FR\" \/>\n<meta property=\"og:type\" content=\"article\" \/>\n<meta property=\"og:title\" content=\"Politica de cookies\" \/>\n<meta property=\"og:description\" content=\"Pagina de politica de cookies de Presencia en Quietud\" \/>\n<meta property=\"og:url\" content=\"https:\/\/presenciaenquietud.es\/fr_fr\/politica-de-cookies\/\" \/>\n<meta property=\"og:site_name\" content=\"Presencia en Quietud\" \/>\n<meta property=\"article:publisher\" content=\"https:\/\/www.facebook.com\/nathalie.presencia.en.quietud\/\" \/>\n<meta property=\"article:modified_time\" content=\"2025-07-08T08:09:11+00:00\" \/>\n<meta property=\"og:image\" content=\"https:\/\/presenciaenquietud.es\/wp-content\/uploads\/2025\/05\/cropped-favicon.png\" \/>\n\t<meta property=\"og:image:width\" content=\"512\" \/>\n\t<meta property=\"og:image:height\" content=\"512\" \/>\n\t<meta property=\"og:image:type\" content=\"image\/png\" \/>\n<meta name=\"twitter:card\" content=\"summary_large_image\" \/>\n<meta name=\"twitter:label1\" content=\"Dur\u00e9e de lecture estim\u00e9e\" \/>\n\t<meta name=\"twitter:data1\" content=\"8 minutes\" \/>\n<script type=\"application\/ld+json\" class=\"yoast-schema-graph\">{\"@context\":\"https:\/\/schema.org\",\"@graph\":[{\"@type\":[\"Article\",\"Report\"],\"@id\":\"https:\/\/presenciaenquietud.es\/politica-de-cookies\/#article\",\"isPartOf\":{\"@id\":\"https:\/\/presenciaenquietud.es\/politica-de-cookies\/\"},\"author\":{\"name\":\"oondeo\",\"@id\":\"https:\/\/presenciaenquietud.es\/#\/schema\/person\/98e62045e14c38fda5c5e965dd1af060\"},\"headline\":\"Pol\u00edtica de Cookies\",\"datePublished\":\"2025-06-02T08:16:34+00:00\",\"dateModified\":\"2025-07-08T08:09:11+00:00\",\"mainEntityOfPage\":{\"@id\":\"https:\/\/presenciaenquietud.es\/politica-de-cookies\/\"},\"wordCount\":1708,\"publisher\":{\"@id\":\"https:\/\/presenciaenquietud.es\/#organization\"},\"inLanguage\":\"fr-FR\"},{\"@type\":[\"WebPage\",\"AboutPage\"],\"@id\":\"https:\/\/presenciaenquietud.es\/politica-de-cookies\/\",\"url\":\"https:\/\/presenciaenquietud.es\/politica-de-cookies\/\",\"name\":\"Pol\u00edtica de Cookies - Presencia en Quietud\",\"isPartOf\":{\"@id\":\"https:\/\/presenciaenquietud.es\/#website\"},\"datePublished\":\"2025-06-02T08:16:34+00:00\",\"dateModified\":\"2025-07-08T08:09:11+00:00\",\"description\":\"Pagina de politica de cookies de Presencia en Quietud\",\"breadcrumb\":{\"@id\":\"https:\/\/presenciaenquietud.es\/politica-de-cookies\/#breadcrumb\"},\"inLanguage\":\"fr-FR\",\"potentialAction\":[{\"@type\":\"ReadAction\",\"target\":[\"https:\/\/presenciaenquietud.es\/politica-de-cookies\/\"]}]},{\"@type\":\"BreadcrumbList\",\"@id\":\"https:\/\/presenciaenquietud.es\/politica-de-cookies\/#breadcrumb\",\"itemListElement\":[{\"@type\":\"ListItem\",\"position\":1,\"name\":\"Portada\",\"item\":\"https:\/\/presenciaenquietud.es\/\"},{\"@type\":\"ListItem\",\"position\":2,\"name\":\"Pol\u00edtica de Cookies\"}]},{\"@type\":\"WebSite\",\"@id\":\"https:\/\/presenciaenquietud.es\/#website\",\"url\":\"https:\/\/presenciaenquietud.es\/\",\"name\":\"Presencia en Quietud\",\"description\":\"\",\"publisher\":{\"@id\":\"https:\/\/presenciaenquietud.es\/#organization\"},\"potentialAction\":[{\"@type\":\"SearchAction\",\"target\":{\"@type\":\"EntryPoint\",\"urlTemplate\":\"https:\/\/presenciaenquietud.es\/?s={search_term_string}\"},\"query-input\":{\"@type\":\"PropertyValueSpecification\",\"valueRequired\":true,\"valueName\":\"search_term_string\"}}],\"inLanguage\":\"fr-FR\"},{\"@type\":\"Organization\",\"@id\":\"https:\/\/presenciaenquietud.es\/#organization\",\"name\":\"Presencia en Quietud\",\"url\":\"https:\/\/presenciaenquietud.es\/\",\"logo\":{\"@type\":\"ImageObject\",\"inLanguage\":\"fr-FR\",\"@id\":\"https:\/\/presenciaenquietud.es\/#\/schema\/logo\/image\/\",\"url\":\"https:\/\/presenciaenquietud.es\/wp-content\/uploads\/2025\/05\/logo.svg\",\"contentUrl\":\"https:\/\/presenciaenquietud.es\/wp-content\/uploads\/2025\/05\/logo.svg\",\"width\":1080,\"height\":1327,\"caption\":\"Presencia en Quietud\"},\"image\":{\"@id\":\"https:\/\/presenciaenquietud.es\/#\/schema\/logo\/image\/\"},\"sameAs\":[\"https:\/\/www.facebook.com\/nathalie.presencia.en.quietud\/\",\"https:\/\/www.instagram.com\/nathalie_presencia_en_quietud\/\",\"https:\/\/www.youtube.com\/@nathalie_presencia_en_quietud\"]},{\"@type\":\"Person\",\"@id\":\"https:\/\/presenciaenquietud.es\/#\/schema\/person\/98e62045e14c38fda5c5e965dd1af060\",\"name\":\"oondeo\",\"image\":{\"@type\":\"ImageObject\",\"inLanguage\":\"fr-FR\",\"@id\":\"https:\/\/presenciaenquietud.es\/#\/schema\/person\/image\/\",\"url\":\"https:\/\/secure.gravatar.com\/avatar\/a097be35c13d9aa835613a577f7ff6198fda83588726896f10a4aec271feff84?s=96&d=mm&r=g\",\"contentUrl\":\"https:\/\/secure.gravatar.com\/avatar\/a097be35c13d9aa835613a577f7ff6198fda83588726896f10a4aec271feff84?s=96&d=mm&r=g\",\"caption\":\"oondeo\"},\"sameAs\":[\"https:\/\/presenciaenquietud.es\"],\"url\":\"https:\/\/presenciaenquietud.es\/fr_fr\/author\/oondeo\/\"}]}<\/script>\n<!-- \/ Yoast SEO plugin. -->","yoast_head_json":{"title":"Pol\u00edtica de Cookies - Presencia en Quietud","description":"Pagina de politica de cookies de Presencia en Quietud","robots":{"index":"index","follow":"follow","max-snippet":"max-snippet:-1","max-image-preview":"max-image-preview:large","max-video-preview":"max-video-preview:-1"},"canonical":"https:\/\/presenciaenquietud.es\/fr_fr\/politica-de-cookies\/","og_locale":"fr_FR","og_type":"article","og_title":"Politica de cookies","og_description":"Pagina de politica de cookies de Presencia en Quietud","og_url":"https:\/\/presenciaenquietud.es\/fr_fr\/politica-de-cookies\/","og_site_name":"Presencia en Quietud","article_publisher":"https:\/\/www.facebook.com\/nathalie.presencia.en.quietud\/","article_modified_time":"2025-07-08T08:09:11+00:00","og_image":[{"width":512,"height":512,"url":"https:\/\/presenciaenquietud.es\/wp-content\/uploads\/2025\/05\/cropped-favicon.png","type":"image\/png"}],"twitter_card":"summary_large_image","twitter_misc":{"Dur\u00e9e de lecture estim\u00e9e":"8 minutes"},"schema":{"@context":"https:\/\/schema.org","@graph":[{"@type":["Article","Report"],"@id":"https:\/\/presenciaenquietud.es\/politica-de-cookies\/#article","isPartOf":{"@id":"https:\/\/presenciaenquietud.es\/politica-de-cookies\/"},"author":{"name":"oondeo","@id":"https:\/\/presenciaenquietud.es\/#\/schema\/person\/98e62045e14c38fda5c5e965dd1af060"},"headline":"Pol\u00edtica de Cookies","datePublished":"2025-06-02T08:16:34+00:00","dateModified":"2025-07-08T08:09:11+00:00","mainEntityOfPage":{"@id":"https:\/\/presenciaenquietud.es\/politica-de-cookies\/"},"wordCount":1708,"publisher":{"@id":"https:\/\/presenciaenquietud.es\/#organization"},"inLanguage":"fr-FR"},{"@type":["WebPage","AboutPage"],"@id":"https:\/\/presenciaenquietud.es\/politica-de-cookies\/","url":"https:\/\/presenciaenquietud.es\/politica-de-cookies\/","name":"Pol\u00edtica de Cookies - Presencia en Quietud","isPartOf":{"@id":"https:\/\/presenciaenquietud.es\/#website"},"datePublished":"2025-06-02T08:16:34+00:00","dateModified":"2025-07-08T08:09:11+00:00","description":"Pagina de politica de cookies de Presencia en Quietud","breadcrumb":{"@id":"https:\/\/presenciaenquietud.es\/politica-de-cookies\/#breadcrumb"},"inLanguage":"fr-FR","potentialAction":[{"@type":"ReadAction","target":["https:\/\/presenciaenquietud.es\/politica-de-cookies\/"]}]},{"@type":"BreadcrumbList","@id":"https:\/\/presenciaenquietud.es\/politica-de-cookies\/#breadcrumb","itemListElement":[{"@type":"ListItem","position":1,"name":"Portada","item":"https:\/\/presenciaenquietud.es\/"},{"@type":"ListItem","position":2,"name":"Pol\u00edtica de Cookies"}]},{"@type":"WebSite","@id":"https:\/\/presenciaenquietud.es\/#website","url":"https:\/\/presenciaenquietud.es\/","name":"Pr\u00e9sence En Qui\u00e9tude","description":"","publisher":{"@id":"https:\/\/presenciaenquietud.es\/#organization"},"potentialAction":[{"@type":"SearchAction","target":{"@type":"EntryPoint","urlTemplate":"https:\/\/presenciaenquietud.es\/?s={search_term_string}"},"query-input":{"@type":"PropertyValueSpecification","valueRequired":true,"valueName":"search_term_string"}}],"inLanguage":"fr-FR"},{"@type":"Organization","@id":"https:\/\/presenciaenquietud.es\/#organization","name":"Pr\u00e9sence En Qui\u00e9tude","url":"https:\/\/presenciaenquietud.es\/","logo":{"@type":"ImageObject","inLanguage":"fr-FR","@id":"https:\/\/presenciaenquietud.es\/#\/schema\/logo\/image\/","url":"https:\/\/presenciaenquietud.es\/wp-content\/uploads\/2025\/05\/logo.svg","contentUrl":"https:\/\/presenciaenquietud.es\/wp-content\/uploads\/2025\/05\/logo.svg","width":1080,"height":1327,"caption":"Presencia en Quietud"},"image":{"@id":"https:\/\/presenciaenquietud.es\/#\/schema\/logo\/image\/"},"sameAs":["https:\/\/www.facebook.com\/nathalie.presencia.en.quietud\/","https:\/\/www.instagram.com\/nathalie_presencia_en_quietud\/","https:\/\/www.youtube.com\/@nathalie_presencia_en_quietud"]},{"@type":"Person","@id":"https:\/\/presenciaenquietud.es\/#\/schema\/person\/98e62045e14c38fda5c5e965dd1af060","name":"oondeo","image":{"@type":"ImageObject","inLanguage":"fr-FR","@id":"https:\/\/presenciaenquietud.es\/#\/schema\/person\/image\/","url":"https:\/\/secure.gravatar.com\/avatar\/a097be35c13d9aa835613a577f7ff6198fda83588726896f10a4aec271feff84?s=96&d=mm&r=g","contentUrl":"https:\/\/secure.gravatar.com\/avatar\/a097be35c13d9aa835613a577f7ff6198fda83588726896f10a4aec271feff84?s=96&d=mm&r=g","caption":"oondeo"},"sameAs":["https:\/\/presenciaenquietud.es"],"url":"https:\/\/presenciaenquietud.es\/fr_fr\/author\/oondeo\/"}]}},"_links":{"self":[{"href":"https:\/\/presenciaenquietud.es\/fr_fr\/wp-json\/wp\/v2\/pages\/547","targetHints":{"allow":["GET"]}}],"collection":[{"href":"https:\/\/presenciaenquietud.es\/fr_fr\/wp-json\/wp\/v2\/pages"}],"about":[{"href":"https:\/\/presenciaenquietud.es\/fr_fr\/wp-json\/wp\/v2\/types\/page"}],"author":[{"embeddable":true,"href":"https:\/\/presenciaenquietud.es\/fr_fr\/wp-json\/wp\/v2\/users\/1"}],"replies":[{"embeddable":true,"href":"https:\/\/presenciaenquietud.es\/fr_fr\/wp-json\/wp\/v2\/comments?post=547"}],"version-history":[{"count":0,"href":"https:\/\/presenciaenquietud.es\/fr_fr\/wp-json\/wp\/v2\/pages\/547\/revisions"}],"wp:attachment":[{"href":"https:\/\/presenciaenquietud.es\/fr_fr\/wp-json\/wp\/v2\/media?parent=547"}],"curies":[{"name":"wp","href":"https:\/\/api.w.org\/{rel}","templated":true}]}}