{"id":549,"date":"2025-06-02T10:16:39","date_gmt":"2025-06-02T08:16:39","guid":{"rendered":"https:\/\/presenciaenquietud.es\/?page_id=549"},"modified":"2025-06-23T13:42:18","modified_gmt":"2025-06-23T11:42:18","slug":"aviso-legal","status":"publish","type":"page","link":"https:\/\/presenciaenquietud.es\/fr_fr\/aviso-legal\/","title":{"rendered":"Mentions L\u00e9gales"},"content":{"rendered":"<div data-elementor-type=\"wp-page\" data-elementor-id=\"549\" class=\"elementor elementor-549\" data-elementor-post-type=\"page\">\n\t\t\t\t<div class=\"elementor-element elementor-element-261ca0e5 e-flex e-con-boxed e-con e-parent\" data-id=\"261ca0e5\" data-element_type=\"container\">\n\t\t\t\t\t<div class=\"e-con-inner\">\n\t\t\t\t<div class=\"elementor-element elementor-element-0835b66 elementor-widget elementor-widget-text-editor\" data-id=\"0835b66\" data-element_type=\"widget\" data-widget_type=\"text-editor.default\">\n\t\t\t\t<div class=\"elementor-widget-container\">\n\t\t\t\t\t\t\t\t\t<h2 data-start=\"143\" data-end=\"456\"><strong data-start=\"143\" data-end=\"175\">1. Propri\u00e9t\u00e9 du site web<\/strong><\/h2>\n<p>Conform\u00e9ment au devoir d'information pr\u00e9vu par la loi 34\/2002 relative aux services de la soci\u00e9t\u00e9 de l'information et au commerce \u00e9lectronique (LSSI-CE), il est signal\u00e9 que le site web <a class=\"\" href=\"https:\/\/presenciaenquietud.es\/fr_fr\/\" target=\"_new\" rel=\"noopener\" data-start=\"361\" data-end=\"401\">https:\/\/presenciaenquietud.es<\/a> et le domaine presenciaenquietud.es sont la propri\u00e9t\u00e9 de :<\/p>\n<ul data-start=\"458\" data-end=\"689\">\n<li data-start=\"458\" data-end=\"498\">\n<p data-start=\"460\" data-end=\"498\"><strong data-start=\"460\" data-end=\"479\">Nom complet<\/strong>: Nathalie Pillas<\/p>\n<\/li>\n<li data-start=\"499\" data-end=\"599\">\n<p data-start=\"501\" data-end=\"599\"><strong data-start=\"501\" data-end=\"514\">Adresse<\/strong>: Edificio Toscana, Calle Rosario, 6, Planta 6, Puerta 10, 02001, Albacete (Espa\u00f1a)<\/p>\n<\/li>\n<li data-start=\"600\" data-end=\"634\">\n<p data-start=\"602\" data-end=\"634\"><strong data-start=\"602\" data-end=\"614\">T\u00e9l\u00e9phone<\/strong>: +34 660 47 93 01<\/p>\n<\/li>\n<li data-start=\"635\" data-end=\"689\">\n<p data-start=\"637\" data-end=\"689\"><strong data-start=\"637\" data-end=\"659\">Adresse \u00e9lectronique<\/strong>: <a class=\"cursor-pointer\" rel=\"noopener\" data-start=\"661\" data-end=\"687\">info@presenciaenquietud.es<\/a><\/p>\n<\/li>\n<\/ul>\n<h2 data-start=\"691\" data-end=\"901\"><strong data-start=\"691\" data-end=\"704\">2. L'objet<\/strong><\/h2>\n<p>Le but de ce site est de diffuser des informations et de fournir des services li\u00e9s aux s\u00e9ances d'introspection guid\u00e9e, de m\u00e9ditation et de calme propos\u00e9es par Nathalie Pillas.<\/p>\n<h2 data-start=\"903\" data-end=\"1182\"><strong data-start=\"903\" data-end=\"931\">3. La propri\u00e9t\u00e9 intellectuelle<\/strong><\/h2>\n<p>L'ensemble du contenu de ce site (textes, images, dessins, logos, fichiers audio, etc.) est prot\u00e9g\u00e9 par des droits de propri\u00e9t\u00e9 intellectuelle et industrielle. Sa reproduction totale ou partielle est interdite sans l'autorisation expresse de son propri\u00e9taire.<\/p>\n<h2 data-start=\"1184\" data-end=\"1429\"><strong data-start=\"1184\" data-end=\"1204\">4. Utilisation du site<\/strong><\/h2>\n<p>L'acc\u00e8s \u00e0 ce site web implique l'acceptation de ces conditions. L'utilisateur s'engage \u00e0 utiliser les contenus de mani\u00e8re licite, en respectant \u00e0 tout moment la l\u00e9gislation en vigueur et les droits des tiers.<\/p>\n<h2 data-start=\"1431\" data-end=\"1619\"><strong data-start=\"1431\" data-end=\"1454\">5. Liens externes<\/strong><\/h2>\n<p>Dans le cas o\u00f9 des liens vers des sites tiers sont fournis, Nathalie Pillas n'est pas responsable du contenu ou des conditions d'utilisation de ces sites externes.<\/p>\n<h2 data-start=\"1621\" data-end=\"1891\"><strong data-start=\"1621\" data-end=\"1657\">6. Limitation de la responsabilit\u00e9<\/strong><\/h2>\n<p>Les informations contenues dans ce site sont donn\u00e9es \u00e0 titre indicatif. Nathalie Pillas ne garantit pas l'absence d'erreurs ni la mise \u00e0 jour permanente des contenus, bien qu'elle s'engage \u00e0 les corriger si elles sont d\u00e9tect\u00e9es.<\/p>\n<h2 data-start=\"1893\" data-end=\"2171\"><strong data-start=\"1893\" data-end=\"1936\">7. Droit applicable et juridiction<\/strong><\/h2>\n<p>Ces conditions sont r\u00e9gies par la loi espagnole. Tout litige d\u00e9coulant de l'acc\u00e8s ou de l'utilisation de ce site web sera soumis aux cours et tribunaux d'Albacete, \u00e0 moins que la r\u00e9glementation applicable n'en dispose autrement.<\/p>\t\t\t\t\t\t\t\t<\/div>\n\t\t\t\t<\/div>\n\t\t\t\t\t<\/div>\n\t\t\t\t<\/div>\n\t\t\t\t<\/div>","protected":false},"excerpt":{"rendered":"<p>1. Titularidad del sitio web En cumplimiento con el deber de informaci\u00f3n recogido en la Ley 34\/2002 de Servicios de la Sociedad de la Informaci\u00f3n y del Comercio Electr\u00f3nico (LSSI-CE), se informa que el sitio web https:\/\/presenciaenquietud.es y el dominio presenciaenquietud.es son titularidad de: Nombre completo: Nathalie Pillas Domicilio: Edificio Toscana, Calle Rosario, 6, Planta [&hellip;]<\/p>","protected":false},"author":1,"featured_media":0,"parent":0,"menu_order":0,"comment_status":"closed","ping_status":"closed","template":"","meta":{"inline_featured_image":false,"_joinchat":[],"footnotes":""},"class_list":["post-549","page","type-page","status-publish","hentry"],"yoast_head":"<!-- This site is optimized with the Yoast SEO plugin v25.5 - https:\/\/yoast.com\/wordpress\/plugins\/seo\/ -->\n<title>Aviso Legal - Presencia en Quietud<\/title>\n<meta name=\"description\" content=\"Aviso legal sobre Presencia en Quietud\" \/>\n<meta name=\"robots\" content=\"index, follow, max-snippet:-1, max-image-preview:large, max-video-preview:-1\" \/>\n<link rel=\"canonical\" href=\"https:\/\/presenciaenquietud.es\/fr_fr\/aviso-legal\/\" \/>\n<meta property=\"og:locale\" content=\"fr_FR\" \/>\n<meta property=\"og:type\" content=\"article\" \/>\n<meta property=\"og:title\" content=\"Aviso Legal Presencia en Quietud\" \/>\n<meta property=\"og:description\" content=\"Pagina de aviso legal de Presencia en Quietud\" \/>\n<meta property=\"og:url\" content=\"https:\/\/presenciaenquietud.es\/fr_fr\/aviso-legal\/\" \/>\n<meta property=\"og:site_name\" content=\"Presencia en Quietud\" \/>\n<meta property=\"article:publisher\" content=\"https:\/\/www.facebook.com\/nathalie.presencia.en.quietud\/\" \/>\n<meta property=\"article:modified_time\" content=\"2025-06-23T11:42:18+00:00\" \/>\n<meta property=\"og:image\" content=\"https:\/\/presenciaenquietud.es\/wp-content\/uploads\/2025\/05\/cropped-favicon.png\" \/>\n\t<meta property=\"og:image:width\" content=\"512\" \/>\n\t<meta property=\"og:image:height\" content=\"512\" \/>\n\t<meta property=\"og:image:type\" content=\"image\/png\" \/>\n<meta name=\"twitter:card\" content=\"summary_large_image\" \/>\n<meta name=\"twitter:label1\" content=\"Dur\u00e9e de lecture estim\u00e9e\" \/>\n\t<meta name=\"twitter:data1\" content=\"2 minutes\" \/>\n<script type=\"application\/ld+json\" class=\"yoast-schema-graph\">{\"@context\":\"https:\/\/schema.org\",\"@graph\":[{\"@type\":[\"WebPage\",\"AboutPage\"],\"@id\":\"https:\/\/presenciaenquietud.es\/aviso-legal\/\",\"url\":\"https:\/\/presenciaenquietud.es\/aviso-legal\/\",\"name\":\"Aviso Legal - Presencia en Quietud\",\"isPartOf\":{\"@id\":\"https:\/\/presenciaenquietud.es\/#website\"},\"datePublished\":\"2025-06-02T08:16:39+00:00\",\"dateModified\":\"2025-06-23T11:42:18+00:00\",\"description\":\"Aviso legal sobre Presencia en Quietud\",\"breadcrumb\":{\"@id\":\"https:\/\/presenciaenquietud.es\/aviso-legal\/#breadcrumb\"},\"inLanguage\":\"fr-FR\",\"potentialAction\":[{\"@type\":\"ReadAction\",\"target\":[\"https:\/\/presenciaenquietud.es\/aviso-legal\/\"]}]},{\"@type\":\"BreadcrumbList\",\"@id\":\"https:\/\/presenciaenquietud.es\/aviso-legal\/#breadcrumb\",\"itemListElement\":[{\"@type\":\"ListItem\",\"position\":1,\"name\":\"Portada\",\"item\":\"https:\/\/presenciaenquietud.es\/\"},{\"@type\":\"ListItem\",\"position\":2,\"name\":\"Aviso Legal\"}]},{\"@type\":\"WebSite\",\"@id\":\"https:\/\/presenciaenquietud.es\/#website\",\"url\":\"https:\/\/presenciaenquietud.es\/\",\"name\":\"Presencia en Quietud\",\"description\":\"\",\"publisher\":{\"@id\":\"https:\/\/presenciaenquietud.es\/#organization\"},\"potentialAction\":[{\"@type\":\"SearchAction\",\"target\":{\"@type\":\"EntryPoint\",\"urlTemplate\":\"https:\/\/presenciaenquietud.es\/?s={search_term_string}\"},\"query-input\":{\"@type\":\"PropertyValueSpecification\",\"valueRequired\":true,\"valueName\":\"search_term_string\"}}],\"inLanguage\":\"fr-FR\"},{\"@type\":\"Organization\",\"@id\":\"https:\/\/presenciaenquietud.es\/#organization\",\"name\":\"Presencia en Quietud\",\"url\":\"https:\/\/presenciaenquietud.es\/\",\"logo\":{\"@type\":\"ImageObject\",\"inLanguage\":\"fr-FR\",\"@id\":\"https:\/\/presenciaenquietud.es\/#\/schema\/logo\/image\/\",\"url\":\"https:\/\/presenciaenquietud.es\/wp-content\/uploads\/2025\/05\/logo.svg\",\"contentUrl\":\"https:\/\/presenciaenquietud.es\/wp-content\/uploads\/2025\/05\/logo.svg\",\"width\":1080,\"height\":1327,\"caption\":\"Presencia en Quietud\"},\"image\":{\"@id\":\"https:\/\/presenciaenquietud.es\/#\/schema\/logo\/image\/\"},\"sameAs\":[\"https:\/\/www.facebook.com\/nathalie.presencia.en.quietud\/\",\"https:\/\/www.instagram.com\/nathalie_presencia_en_quietud\/\",\"https:\/\/www.youtube.com\/@nathalie_presencia_en_quietud\"]}]}<\/script>\n<!-- \/ Yoast SEO plugin. -->","yoast_head_json":{"title":"Aviso Legal - Presencia en Quietud","description":"Aviso legal sobre Presencia en Quietud","robots":{"index":"index","follow":"follow","max-snippet":"max-snippet:-1","max-image-preview":"max-image-preview:large","max-video-preview":"max-video-preview:-1"},"canonical":"https:\/\/presenciaenquietud.es\/fr_fr\/aviso-legal\/","og_locale":"fr_FR","og_type":"article","og_title":"Aviso Legal Presencia en Quietud","og_description":"Pagina de aviso legal de Presencia en Quietud","og_url":"https:\/\/presenciaenquietud.es\/fr_fr\/aviso-legal\/","og_site_name":"Presencia en Quietud","article_publisher":"https:\/\/www.facebook.com\/nathalie.presencia.en.quietud\/","article_modified_time":"2025-06-23T11:42:18+00:00","og_image":[{"width":512,"height":512,"url":"https:\/\/presenciaenquietud.es\/wp-content\/uploads\/2025\/05\/cropped-favicon.png","type":"image\/png"}],"twitter_card":"summary_large_image","twitter_misc":{"Dur\u00e9e de lecture estim\u00e9e":"2 minutes"},"schema":{"@context":"https:\/\/schema.org","@graph":[{"@type":["WebPage","AboutPage"],"@id":"https:\/\/presenciaenquietud.es\/aviso-legal\/","url":"https:\/\/presenciaenquietud.es\/aviso-legal\/","name":"Aviso Legal - Presencia en Quietud","isPartOf":{"@id":"https:\/\/presenciaenquietud.es\/#website"},"datePublished":"2025-06-02T08:16:39+00:00","dateModified":"2025-06-23T11:42:18+00:00","description":"Aviso legal sobre Presencia en Quietud","breadcrumb":{"@id":"https:\/\/presenciaenquietud.es\/aviso-legal\/#breadcrumb"},"inLanguage":"fr-FR","potentialAction":[{"@type":"ReadAction","target":["https:\/\/presenciaenquietud.es\/aviso-legal\/"]}]},{"@type":"BreadcrumbList","@id":"https:\/\/presenciaenquietud.es\/aviso-legal\/#breadcrumb","itemListElement":[{"@type":"ListItem","position":1,"name":"Portada","item":"https:\/\/presenciaenquietud.es\/"},{"@type":"ListItem","position":2,"name":"Aviso Legal"}]},{"@type":"WebSite","@id":"https:\/\/presenciaenquietud.es\/#website","url":"https:\/\/presenciaenquietud.es\/","name":"Pr\u00e9sence En Qui\u00e9tude","description":"","publisher":{"@id":"https:\/\/presenciaenquietud.es\/#organization"},"potentialAction":[{"@type":"SearchAction","target":{"@type":"EntryPoint","urlTemplate":"https:\/\/presenciaenquietud.es\/?s={search_term_string}"},"query-input":{"@type":"PropertyValueSpecification","valueRequired":true,"valueName":"search_term_string"}}],"inLanguage":"fr-FR"},{"@type":"Organization","@id":"https:\/\/presenciaenquietud.es\/#organization","name":"Pr\u00e9sence En Qui\u00e9tude","url":"https:\/\/presenciaenquietud.es\/","logo":{"@type":"ImageObject","inLanguage":"fr-FR","@id":"https:\/\/presenciaenquietud.es\/#\/schema\/logo\/image\/","url":"https:\/\/presenciaenquietud.es\/wp-content\/uploads\/2025\/05\/logo.svg","contentUrl":"https:\/\/presenciaenquietud.es\/wp-content\/uploads\/2025\/05\/logo.svg","width":1080,"height":1327,"caption":"Presencia en Quietud"},"image":{"@id":"https:\/\/presenciaenquietud.es\/#\/schema\/logo\/image\/"},"sameAs":["https:\/\/www.facebook.com\/nathalie.presencia.en.quietud\/","https:\/\/www.instagram.com\/nathalie_presencia_en_quietud\/","https:\/\/www.youtube.com\/@nathalie_presencia_en_quietud"]}]}},"_links":{"self":[{"href":"https:\/\/presenciaenquietud.es\/fr_fr\/wp-json\/wp\/v2\/pages\/549","targetHints":{"allow":["GET"]}}],"collection":[{"href":"https:\/\/presenciaenquietud.es\/fr_fr\/wp-json\/wp\/v2\/pages"}],"about":[{"href":"https:\/\/presenciaenquietud.es\/fr_fr\/wp-json\/wp\/v2\/types\/page"}],"author":[{"embeddable":true,"href":"https:\/\/presenciaenquietud.es\/fr_fr\/wp-json\/wp\/v2\/users\/1"}],"replies":[{"embeddable":true,"href":"https:\/\/presenciaenquietud.es\/fr_fr\/wp-json\/wp\/v2\/comments?post=549"}],"version-history":[{"count":0,"href":"https:\/\/presenciaenquietud.es\/fr_fr\/wp-json\/wp\/v2\/pages\/549\/revisions"}],"wp:attachment":[{"href":"https:\/\/presenciaenquietud.es\/fr_fr\/wp-json\/wp\/v2\/media?parent=549"}],"curies":[{"name":"wp","href":"https:\/\/api.w.org\/{rel}","templated":true}]}}